{"id":5672,"date":"2026-05-01T01:06:46","date_gmt":"2026-04-30T23:06:46","guid":{"rendered":"https:\/\/exploraelperu.com\/puerto-maldonado\/"},"modified":"2026-05-01T04:32:40","modified_gmt":"2026-05-01T02:32:40","slug":"puerto-maldonado","status":"publish","type":"page","link":"https:\/\/exploraelperu.com\/pt-br\/puerto-maldonado\/","title":{"rendered":"Puerto Maldonado"},"content":{"rendered":"\t\t<div data-elementor-type=\"wp-page\" data-elementor-id=\"5672\" class=\"elementor elementor-5672 elementor-5474\">\n\t\t\t\t<div class=\"elementor-element elementor-element-2776af49 e-flex e-con-boxed e-con e-parent\" data-id=\"2776af49\" data-element_type=\"container\" data-e-type=\"container\" data-settings=\"{&quot;background_background&quot;:&quot;classic&quot;}\">\n\t\t\t\t\t<div class=\"e-con-inner\">\n\t\t<div class=\"elementor-element elementor-element-28b25c01 e-con-full e-flex elementor-invisible e-con e-child\" data-id=\"28b25c01\" data-element_type=\"container\" data-e-type=\"container\" data-settings=\"{&quot;animation&quot;:&quot;fadeIn&quot;}\">\n\t\t\t\t<div class=\"elementor-element elementor-element-6c0f4ba5 elementor-widget elementor-widget-shortcode\" data-id=\"6c0f4ba5\" data-element_type=\"widget\" data-e-type=\"widget\" data-widget_type=\"shortcode.default\">\n\t\t\t\t\t\t\t<div class=\"elementor-shortcode\">    <nav class=\"dh-breadcrumb\" aria-label=\"Breadcrumb\">\n        <a href=\"https:\/\/exploraelperu.com\/pt-br\/\">Inicio<\/a>\n\n        <span class=\"separator\">\u203a<\/span><a href=\"https:\/\/exploraelperu.com\/pt-br\/pt-br\/\">Pt Br<\/a><span class=\"separator\">\u203a<\/span><a href=\"https:\/\/exploraelperu.com\/pt-br\/pt-br\/wp-json\/\">Wp Json<\/a><span class=\"separator\">\u203a<\/span><a href=\"https:\/\/exploraelperu.com\/pt-br\/pt-br\/wp-json\/wp\/\">Wp<\/a><span class=\"separator\">\u203a<\/span><a href=\"https:\/\/exploraelperu.com\/pt-br\/pt-br\/wp-json\/wp\/v2\/\">V2<\/a><span class=\"separator\">\u203a<\/span><a href=\"https:\/\/exploraelperu.com\/pt-br\/pt-br\/wp-json\/wp\/v2\/pages\/\">Pages<\/a><span class=\"separator\">\u203a<\/span><span class=\"current\">5672<\/span>    <\/nav>\n    \n<\/div>\n\t\t\t\t\t\t<\/div>\n\t\t\t\t<div class=\"elementor-element elementor-element-246d4fb8 elementor-widget elementor-widget-heading\" data-id=\"246d4fb8\" data-element_type=\"widget\" data-e-type=\"widget\" data-widget_type=\"heading.default\">\n\t\t\t\t\t<h1 class=\"elementor-heading-title elementor-size-default\">Puerto Maldonado<\/h1>\t\t\t\t<\/div>\n\t\t\t\t<\/div>\n\t\t\t\t\t<\/div>\n\t\t\t\t<\/div>\n\t\t<div class=\"elementor-element elementor-element-42b0baad e-flex e-con-boxed e-con e-parent\" data-id=\"42b0baad\" data-element_type=\"container\" data-e-type=\"container\">\n\t\t\t\t\t<div class=\"e-con-inner\">\n\t\t\t\t<div class=\"elementor-element elementor-element-752dd781 elementor-widget elementor-widget-shortcode\" data-id=\"752dd781\" data-element_type=\"widget\" data-e-type=\"widget\" data-widget_type=\"shortcode.default\">\n\t\t\t\t\t\t\t<div class=\"elementor-shortcode\">\n    <div class=\"seccion-slider\">\n        <div class=\"wrap__slider__destinos swiper max-w-screen-xl mx-auto\">\n            <div class=\"swiper-wrapper\">\n\n            \n                <div class=\"swiper-slide\">\n                    <article class=\"cts-card\">\n                        <a href=\"https:\/\/exploraelperu.com\/pt-br\/tour\/reserva-nacional-de-tambopata-3-dias\/\"\n                           class=\"\">\n\t\t\t\t\t\t\t<div class=\"cts-card-image\">\n\t\t\t\t\t\t\t\t <img decoding=\"async\" src=\"https:\/\/exploraelperu.com\/wp-content\/uploads\/2025\/05\/51046092337_721ad8b7a4_k-768x512.jpg\"\n                                 alt=\"Reserva Nacional de Tambopata 3 Dias\"\n                                 class=\" \">\n\t\t\t\t\t\t\t<\/div>\n                        <\/a>\n                        <div class=\"cts-card-content\">\n                            <div class=\"space-y-2\">\n                                <h4 class=\"\">\n                                    <a href=\"https:\/\/exploraelperu.com\/pt-br\/tour\/reserva-nacional-de-tambopata-3-dias\/\" class=\"hover:underline\">\n                                        Reserva Nacional de Tambopata 3 Dias                                    <\/a>\n                                <\/h4>\n\n                                                                <div class=\"info-tour-card\">\n\n                                                                        <span class=\"\">\n                                        <i class=\"fa-solid fa-clock\"><\/i>\n                                        Dia Completo                                    <\/span>\n                                    \n                                                                        <span class=\"\">\n                                        <i class=\"fa-solid fa-person-hiking\"><\/i>\n                                        Dificil                                    <\/span>\n                                    \n                                <\/div>\n                                \n                                <p class=\"text-muted-foreground line-clamp-3\">\n                                    Tour \u00e0 Reserva Nacional Tambopata 3 dias Dura\u00e7\u00e3o Tamanho do grupo Altura m\u00e1xima Dificuldade Tour \u00e0 Reserva Nacional Tambopata 3 dias Viva 3 dias de pura aventura na selva amaz\u00f4nica de Puerto Maldonado. Explore a m\u00e1gica Lagoa Sandoval, observe lontras gigantes, jacar\u00e9s e macacos em seu habitat natural. Navegue de kayak, visite a Ilha dos [&hellip;]                                <\/p>\n                            <\/div>\n\n                                                        <div class=\"preciaso\">\n                                <p class=\"\">\n                                    Desde:<br>\n                                    <b class=\"text-2xl text-foreground\">\n                                        <i class=\"fa-solid fa-tag\"><\/i> $50                                    <\/b> \/ por pessoa                                <\/p>\n                            <\/div>\n                            \n                        <\/div>\n                    <\/article>\n                <\/div>\n\n            \n                <div class=\"swiper-slide\">\n                    <article class=\"cts-card\">\n                        <a href=\"https:\/\/exploraelperu.com\/pt-br\/tour\/puerto-maldonado-ecologico-3-dias\/\"\n                           class=\"\">\n\t\t\t\t\t\t\t<div class=\"cts-card-image\">\n\t\t\t\t\t\t\t\t <img decoding=\"async\" src=\"https:\/\/exploraelperu.com\/wp-content\/uploads\/2025\/03\/4750495805_273cc9e7ec_k_Explora-el-Peru-768x514.webp\"\n                                 alt=\"Puerto Maldonado Ecol\u00f3gico 3 dias\"\n                                 class=\" \">\n\t\t\t\t\t\t\t<\/div>\n                        <\/a>\n                        <div class=\"cts-card-content\">\n                            <div class=\"space-y-2\">\n                                <h4 class=\"\">\n                                    <a href=\"https:\/\/exploraelperu.com\/pt-br\/tour\/puerto-maldonado-ecologico-3-dias\/\" class=\"hover:underline\">\n                                        Puerto Maldonado Ecol\u00f3gico 3 dias                                    <\/a>\n                                <\/h4>\n\n                                                                <div class=\"info-tour-card\">\n\n                                                                        <span class=\"\">\n                                        <i class=\"fa-solid fa-clock\"><\/i>\n                                        3 Dias                                    <\/span>\n                                    \n                                                                        <span class=\"\">\n                                        <i class=\"fa-solid fa-person-hiking\"><\/i>\n                                        Dificil                                    <\/span>\n                                    \n                                <\/div>\n                                \n                                <p class=\"text-muted-foreground line-clamp-3\">\n                                    Tour Puerto Maldonado Ecol\u00f3gico 3 dias Dura\u00e7\u00e3o Tamanho do grupo Altura m\u00e1xima Dificuldade Tour Puerto Maldonado Ecol\u00f3gico 3 dias Mergulhe em uma aventura fascinante no cora\u00e7\u00e3o da Amaz\u00f4nia com este tour de 3 dias, projetado para conectar voc\u00ea com a natureza em sua m\u00e1xima express\u00e3o. Desde a sua chegada a Puerto Maldonado, capital da biodiversidade [&hellip;]                                <\/p>\n                            <\/div>\n\n                                                        <div class=\"preciaso\">\n                                <p class=\"\">\n                                    Desde:<br>\n                                    <b class=\"text-2xl text-foreground\">\n                                        <i class=\"fa-solid fa-tag\"><\/i> $50                                    <\/b> \/ por pessoa                                <\/p>\n                            <\/div>\n                            \n                        <\/div>\n                    <\/article>\n                <\/div>\n\n            \n            <\/div>\n\n            <div class=\"swiper-button-prev\"><svg viewBox=\"0 0 32 32\" version=\"1.1\" xmlns=\"http:\/\/www.w3.org\/2000\/svg\" xmlns:xlink=\"http:\/\/www.w3.org\/1999\/xlink\" fill=\"#000000\">\n                        <g id=\"SVGRepo_bgCarrier\" stroke-width=\"0\"><\/g>\n                        <g id=\"SVGRepo_tracerCarrier\" stroke-linecap=\"round\" stroke-linejoin=\"round\"><\/g>\n                        <g id=\"SVGRepo_iconCarrier\">\n                            <g id=\"icomoon-ignore\"> <\/g>\n                            <path d=\"M12.792 15.233l-0.754 0.754 6.035 6.035 0.754-0.754-5.281-5.281 5.256-5.256-0.754-0.754-3.013 3.013z\" fill=\"#000000\"> <\/path>\n                        <\/g>\n                    <\/svg><\/div>\n            <div class=\"swiper-button-next\"><svg viewBox=\"0 0 32 32\" version=\"1.1\" xmlns=\"http:\/\/www.w3.org\/2000\/svg\" xmlns:xlink=\"http:\/\/www.w3.org\/1999\/xlink\" fill=\"#000000\">\n                        <g id=\"SVGRepo_bgCarrier\" stroke-width=\"0\"><\/g>\n                        <g id=\"SVGRepo_tracerCarrier\" stroke-linecap=\"round\" stroke-linejoin=\"round\"><\/g>\n                        <g id=\"SVGRepo_iconCarrier\">\n                            <g id=\"icomoon-ignore\"> <\/g>\n                            <path d=\"M19.159 16.767l0.754-0.754-6.035-6.035-0.754 0.754 5.281 5.281-5.256 5.256 0.754 0.754 3.013-3.013z\" fill=\"#000000\"> <\/path>\n                        <\/g>\n                    <\/svg><\/div>\n\n        <\/div>\n    <\/div>\n\n    \n<\/div>\n\t\t\t\t\t\t<\/div>\n\t\t\t\t\t<\/div>\n\t\t\t\t<\/div>\n\t\t\t\t<\/div>\n\t\t","protected":false},"excerpt":{"rendered":"<p>Puerto Maldonado<\/p>\n","protected":false},"author":3,"featured_media":0,"parent":0,"menu_order":0,"comment_status":"closed","ping_status":"closed","template":"","meta":{"_acf_changed":false,"advgb_blocks_editor_width":"","advgb_blocks_columns_visual_guide":"","footnotes":""},"class_list":["post-5672","page","type-page","status-publish","hentry"],"acf":[],"yoast_head":"<!-- This site is optimized with the Yoast SEO plugin v26.9 - https:\/\/yoast.com\/product\/yoast-seo-wordpress\/ -->\n<title>Puerto Maldonado - Explora El Peru<\/title>\n<meta name=\"robots\" content=\"index, follow, max-snippet:-1, max-image-preview:large, max-video-preview:-1\" \/>\n<link rel=\"canonical\" href=\"https:\/\/exploraelperu.com\/pt-br\/puerto-maldonado\/\" \/>\n<meta property=\"og:locale\" content=\"pt_BR\" \/>\n<meta property=\"og:type\" content=\"article\" \/>\n<meta property=\"og:title\" content=\"Puerto Maldonado - Explora El Peru\" \/>\n<meta property=\"og:description\" content=\"Puerto Maldonado\" \/>\n<meta property=\"og:url\" content=\"https:\/\/exploraelperu.com\/pt-br\/puerto-maldonado\/\" \/>\n<meta property=\"og:site_name\" content=\"Explora El Peru\" \/>\n<meta property=\"article:modified_time\" content=\"2026-05-01T02:32:40+00:00\" \/>\n<meta name=\"twitter:card\" content=\"summary_large_image\" \/>\n<script type=\"application\/ld+json\" class=\"yoast-schema-graph\">{\"@context\":\"https:\/\/schema.org\",\"@graph\":[{\"@type\":\"WebPage\",\"@id\":\"https:\/\/exploraelperu.com\/pt-br\/puerto-maldonado\/\",\"url\":\"https:\/\/exploraelperu.com\/pt-br\/puerto-maldonado\/\",\"name\":\"Puerto Maldonado - Explora El Peru\",\"isPartOf\":{\"@id\":\"https:\/\/exploraelperu.com\/pt-br\/#website\"},\"datePublished\":\"2026-04-30T23:06:46+00:00\",\"dateModified\":\"2026-05-01T02:32:40+00:00\",\"breadcrumb\":{\"@id\":\"https:\/\/exploraelperu.com\/pt-br\/puerto-maldonado\/#breadcrumb\"},\"inLanguage\":\"pt-BR\",\"potentialAction\":[{\"@type\":\"ReadAction\",\"target\":[\"https:\/\/exploraelperu.com\/pt-br\/puerto-maldonado\/\"]}]},{\"@type\":\"BreadcrumbList\",\"@id\":\"https:\/\/exploraelperu.com\/pt-br\/puerto-maldonado\/#breadcrumb\",\"itemListElement\":[{\"@type\":\"ListItem\",\"position\":1,\"name\":\"Inicio\",\"item\":\"https:\/\/exploraelperu.com\/pt-br\/\"},{\"@type\":\"ListItem\",\"position\":2,\"name\":\"Puerto Maldonado\"}]},{\"@type\":\"WebSite\",\"@id\":\"https:\/\/exploraelperu.com\/pt-br\/#website\",\"url\":\"https:\/\/exploraelperu.com\/pt-br\/\",\"name\":\"Explora El Peru\",\"description\":\"\",\"publisher\":{\"@id\":\"https:\/\/exploraelperu.com\/pt-br\/#organization\"},\"potentialAction\":[{\"@type\":\"SearchAction\",\"target\":{\"@type\":\"EntryPoint\",\"urlTemplate\":\"https:\/\/exploraelperu.com\/pt-br\/?s={search_term_string}\"},\"query-input\":{\"@type\":\"PropertyValueSpecification\",\"valueRequired\":true,\"valueName\":\"search_term_string\"}}],\"inLanguage\":\"pt-BR\"},{\"@type\":\"Organization\",\"@id\":\"https:\/\/exploraelperu.com\/pt-br\/#organization\",\"name\":\"Explora El Peru\",\"url\":\"https:\/\/exploraelperu.com\/pt-br\/\",\"logo\":{\"@type\":\"ImageObject\",\"inLanguage\":\"pt-BR\",\"@id\":\"https:\/\/exploraelperu.com\/pt-br\/#\/schema\/logo\/image\/\",\"url\":\"https:\/\/exploraelperu.com\/wp-content\/uploads\/2024\/04\/logo-explora.png\",\"contentUrl\":\"https:\/\/exploraelperu.com\/wp-content\/uploads\/2024\/04\/logo-explora.png\",\"width\":275,\"height\":104,\"caption\":\"Explora El Peru\"},\"image\":{\"@id\":\"https:\/\/exploraelperu.com\/pt-br\/#\/schema\/logo\/image\/\"}}]}<\/script>\n<!-- \/ Yoast SEO plugin. -->","yoast_head_json":{"title":"Puerto Maldonado - Explora El Peru","robots":{"index":"index","follow":"follow","max-snippet":"max-snippet:-1","max-image-preview":"max-image-preview:large","max-video-preview":"max-video-preview:-1"},"canonical":"https:\/\/exploraelperu.com\/pt-br\/puerto-maldonado\/","og_locale":"pt_BR","og_type":"article","og_title":"Puerto Maldonado - Explora El Peru","og_description":"Puerto Maldonado","og_url":"https:\/\/exploraelperu.com\/pt-br\/puerto-maldonado\/","og_site_name":"Explora El Peru","article_modified_time":"2026-05-01T02:32:40+00:00","twitter_card":"summary_large_image","schema":{"@context":"https:\/\/schema.org","@graph":[{"@type":"WebPage","@id":"https:\/\/exploraelperu.com\/pt-br\/puerto-maldonado\/","url":"https:\/\/exploraelperu.com\/pt-br\/puerto-maldonado\/","name":"Puerto Maldonado - Explora El Peru","isPartOf":{"@id":"https:\/\/exploraelperu.com\/pt-br\/#website"},"datePublished":"2026-04-30T23:06:46+00:00","dateModified":"2026-05-01T02:32:40+00:00","breadcrumb":{"@id":"https:\/\/exploraelperu.com\/pt-br\/puerto-maldonado\/#breadcrumb"},"inLanguage":"pt-BR","potentialAction":[{"@type":"ReadAction","target":["https:\/\/exploraelperu.com\/pt-br\/puerto-maldonado\/"]}]},{"@type":"BreadcrumbList","@id":"https:\/\/exploraelperu.com\/pt-br\/puerto-maldonado\/#breadcrumb","itemListElement":[{"@type":"ListItem","position":1,"name":"Inicio","item":"https:\/\/exploraelperu.com\/pt-br\/"},{"@type":"ListItem","position":2,"name":"Puerto Maldonado"}]},{"@type":"WebSite","@id":"https:\/\/exploraelperu.com\/pt-br\/#website","url":"https:\/\/exploraelperu.com\/pt-br\/","name":"Explora El Peru","description":"","publisher":{"@id":"https:\/\/exploraelperu.com\/pt-br\/#organization"},"potentialAction":[{"@type":"SearchAction","target":{"@type":"EntryPoint","urlTemplate":"https:\/\/exploraelperu.com\/pt-br\/?s={search_term_string}"},"query-input":{"@type":"PropertyValueSpecification","valueRequired":true,"valueName":"search_term_string"}}],"inLanguage":"pt-BR"},{"@type":"Organization","@id":"https:\/\/exploraelperu.com\/pt-br\/#organization","name":"Explora El Peru","url":"https:\/\/exploraelperu.com\/pt-br\/","logo":{"@type":"ImageObject","inLanguage":"pt-BR","@id":"https:\/\/exploraelperu.com\/pt-br\/#\/schema\/logo\/image\/","url":"https:\/\/exploraelperu.com\/wp-content\/uploads\/2024\/04\/logo-explora.png","contentUrl":"https:\/\/exploraelperu.com\/wp-content\/uploads\/2024\/04\/logo-explora.png","width":275,"height":104,"caption":"Explora El Peru"},"image":{"@id":"https:\/\/exploraelperu.com\/pt-br\/#\/schema\/logo\/image\/"}}]}},"coauthors":[],"author_meta":{"author_link":"https:\/\/exploraelperu.com\/pt-br\/author\/miguel\/","display_name":"miguel marquez"},"relative_dates":{"created":"Publicado 18 horas atr\u00e1s","modified":"Atualizado 15 horas atr\u00e1s"},"absolute_dates":{"created":"Publicado em 1 de maio de 2026","modified":"Atualizado em 1 de maio de 2026"},"absolute_dates_time":{"created":"Publicado em 1 de maio de 2026 01:06","modified":"Atualizado em 1 de maio de 2026 04:32"},"featured_img_caption":"","featured_img":false,"series_order":"","fields":false,"feature_media_details":false,"categories_names":[],"_links":{"self":[{"href":"https:\/\/exploraelperu.com\/pt-br\/wp-json\/wp\/v2\/pages\/5672","targetHints":{"allow":["GET"]}}],"collection":[{"href":"https:\/\/exploraelperu.com\/pt-br\/wp-json\/wp\/v2\/pages"}],"about":[{"href":"https:\/\/exploraelperu.com\/pt-br\/wp-json\/wp\/v2\/types\/page"}],"author":[{"embeddable":true,"href":"https:\/\/exploraelperu.com\/pt-br\/wp-json\/wp\/v2\/users\/3"}],"replies":[{"embeddable":true,"href":"https:\/\/exploraelperu.com\/pt-br\/wp-json\/wp\/v2\/comments?post=5672"}],"version-history":[{"count":3,"href":"https:\/\/exploraelperu.com\/pt-br\/wp-json\/wp\/v2\/pages\/5672\/revisions"}],"predecessor-version":[{"id":5675,"href":"https:\/\/exploraelperu.com\/pt-br\/wp-json\/wp\/v2\/pages\/5672\/revisions\/5675"}],"wp:attachment":[{"href":"https:\/\/exploraelperu.com\/pt-br\/wp-json\/wp\/v2\/media?parent=5672"}],"curies":[{"name":"wp","href":"https:\/\/api.w.org\/{rel}","templated":true}]}}